{"id":91,"date":"2025-06-17T13:25:42","date_gmt":"2025-06-17T13:25:42","guid":{"rendered":"https:\/\/petrapekna.staging-umgebung.de\/?page_id=91"},"modified":"2025-10-21T07:55:31","modified_gmt":"2025-10-21T07:55:31","slug":"leistungen","status":"publish","type":"page","link":"https:\/\/petrapekna.com\/en\/leistungen\/","title":{"rendered":"Services"},"content":{"rendered":"<div data-elementor-type=\"wp-page\" data-elementor-id=\"91\" class=\"elementor elementor-91\" data-elementor-post-type=\"page\">\n\t\t\t\t<div class=\"elementor-element elementor-element-652d5ea e-flex e-con-boxed e-con e-parent\" data-id=\"652d5ea\" data-element_type=\"container\" data-e-type=\"container\" data-settings=\"{&quot;background_background&quot;:&quot;classic&quot;}\">\n\t\t\t\t\t<div class=\"e-con-inner\">\n\t\t<div class=\"elementor-element elementor-element-d4c4654 e-con-full e-flex e-con e-child\" data-id=\"d4c4654\" data-element_type=\"container\" data-e-type=\"container\">\n\t\t\t\t<div class=\"elementor-element elementor-element-91540c7 elementor-invisible elementor-widget elementor-widget-heading\" data-id=\"91540c7\" data-element_type=\"widget\" data-e-type=\"widget\" data-settings=\"{&quot;_animation&quot;:&quot;fadeIn&quot;}\" data-widget_type=\"heading.default\">\n\t\t\t\t<div class=\"elementor-widget-container\">\n\t\t\t\t\t<h1 class=\"elementor-heading-title elementor-size-default\">Services<\/h1>\t\t\t\t<\/div>\n\t\t\t\t<\/div>\n\t\t\t\t<\/div>\n\t\t\t\t\t<\/div>\n\t\t\t\t<\/div>\n\t\t<div class=\"elementor-element elementor-element-b08c0cb e-flex e-con-boxed e-con e-parent\" data-id=\"b08c0cb\" data-element_type=\"container\" data-e-type=\"container\" data-settings=\"{&quot;background_background&quot;:&quot;classic&quot;}\">\n\t\t\t\t\t<div class=\"e-con-inner\">\n\t\t<div class=\"elementor-element elementor-element-0658f48 e-con-full e-flex e-con e-child\" data-id=\"0658f48\" data-element_type=\"container\" data-e-type=\"container\">\n\t\t<div class=\"elementor-element elementor-element-d6b3d4c e-con-full e-flex e-con e-child\" data-id=\"d6b3d4c\" data-element_type=\"container\" data-e-type=\"container\">\n\t\t\t\t<div class=\"elementor-element elementor-element-ad5494f elementor-widget elementor-widget-heading\" data-id=\"ad5494f\" data-element_type=\"widget\" data-e-type=\"widget\" data-widget_type=\"heading.default\">\n\t\t\t\t<div class=\"elementor-widget-container\">\n\t\t\t\t\t<h3 class=\"elementor-heading-title elementor-size-default\">Our <br>Services<\/h3>\t\t\t\t<\/div>\n\t\t\t\t<\/div>\n\t\t\t\t<div class=\"elementor-element elementor-element-1c01fcc elementor-invisible elementor-widget elementor-widget-text-editor\" data-id=\"1c01fcc\" data-element_type=\"widget\" data-e-type=\"widget\" data-settings=\"{&quot;_animation&quot;:&quot;fadeInLeft&quot;,&quot;_animation_delay&quot;:&quot;100&quot;}\" data-widget_type=\"text-editor.default\">\n\t\t\t\t<div class=\"elementor-widget-container\">\n\t\t\t\t\t\t\t\t\t<p data-start=\"220\" data-end=\"532\">Whether selling, buying, renting or valuing - we offer you a customised service that will turn your property dreams in the southeast of Mallorca into reality. With over 15 years of experience, excellent market knowledge and the utmost discretion, we will accompany you through every phase of your property project.<\/p>\t\t\t\t\t\t\t\t<\/div>\n\t\t\t\t<\/div>\n\t\t\t\t<\/div>\n\t\t<div class=\"elementor-element elementor-element-f813b49 e-con-full e-flex e-con e-child\" data-id=\"f813b49\" data-element_type=\"container\" data-e-type=\"container\" data-settings=\"{&quot;background_background&quot;:&quot;classic&quot;}\">\n\t\t\t\t<div class=\"elementor-element elementor-element-40b4534 elementor-view-default elementor-position-block-start elementor-mobile-position-block-start elementor-widget elementor-widget-icon-box\" data-id=\"40b4534\" data-element_type=\"widget\" data-e-type=\"widget\" data-widget_type=\"icon-box.default\">\n\t\t\t\t<div class=\"elementor-widget-container\">\n\t\t\t\t\t\t\t<div class=\"elementor-icon-box-wrapper\">\n\n\t\t\t\t\t\t<div class=\"elementor-icon-box-icon\">\n\t\t\t\t<span  class=\"elementor-icon\">\n\t\t\t\t<svg xmlns=\"http:\/\/www.w3.org\/2000\/svg\" xmlns:xlink=\"http:\/\/www.w3.org\/1999\/xlink\" id=\"Capa_1\" x=\"0px\" y=\"0px\" viewbox=\"0 0 463.937 463.937\" style=\"enable-background:new 0 0 463.937 463.937;\" xml:space=\"preserve\"><g>\t<g>\t\t<path d=\"M460.414,216.518l-85.6-73.1c0.1-0.5,0.2-1,0.3-1.6v-95.6c-0.1-5.7-4.6-10.3-10.3-10.5h-47.8c-5.5,0-10,4.9-10,10.5v39.6   l-68.5-58.4c-3.7-3.2-9.2-3.2-13,0l-221.9,189c-4.3,3.5-4.8,9.8-1.3,14.1s9.8,4.8,14.1,1.3c0.1-0.1,0.1-0.1,0.2-0.2l215.4-183.4   l77.1,65.7l46.1,39.2l92.3,78.6c4.2,3.6,10.5,3.1,14.1-1.1C465.114,226.418,464.614,220.118,460.414,216.518z M355.014,126.518   l-28-23.6v-47.1h28V126.518z\"><\/path>\t<\/g><\/g><g>\t<g>\t\t<path d=\"M416.314,236.718l-28.1-24l-149.7-127.9c-3.7-3.2-9.2-3.2-13,0l-149.7,127.9l-28.1,24c-4.2,3.6-4.7,9.9-1.1,14.1   c3.5,4.2,9.7,4.7,13.8,1.2l0.1-0.1l12.5-10.8v187.5c0.1,5.6,4.7,10.2,10.3,10.3h297.3c5.6-0.1,10.2-4.6,10.3-10.3v-187.5   l12.5,10.8c1.8,1.5,4,2.4,6.4,2.4c2.9,0,5.7-1.3,7.6-3.5C421.114,246.518,420.514,240.218,416.314,236.718z M272.014,418.818h-80   v-108h80V418.818z M292.014,418.818v-117.7c0-5.5-4.1-10.3-9.6-10.3h-100.8c-5.5,0-9.6,4.8-9.6,10.3v117.7h-79v-194.8l139-118.4   l139,118.4v194.8H292.014z\"><\/path>\t<\/g><\/g><g><\/g><g><\/g><g><\/g><g><\/g><g><\/g><g><\/g><g><\/g><g><\/g><g><\/g><g><\/g><g><\/g><g><\/g><g><\/g><g><\/g><g><\/g><\/svg>\t\t\t\t<\/span>\n\t\t\t<\/div>\n\t\t\t\n\t\t\t\t\t\t<div class=\"elementor-icon-box-content\">\n\n\t\t\t\t\t\t\t\t\t<h3 class=\"elementor-icon-box-title\">\n\t\t\t\t\t\t<span  >\n\t\t\t\t\t\t\tSell\t\t\t\t\t\t<\/span>\n\t\t\t\t\t<\/h3>\n\t\t\t\t\n\t\t\t\t\t\t\t\t\t<p class=\"elementor-icon-box-description\">\n\t\t\t\t\t\tWe support you in selling your property in the south-east of Mallorca successfully and at the best possible price - with an individual strategy, market knowledge and a sure instinct.\n\n\t\t\t\t\t<\/p>\n\t\t\t\t\n\t\t\t<\/div>\n\t\t\t\n\t\t<\/div>\n\t\t\t\t\t\t<\/div>\n\t\t\t\t<\/div>\n\t\t\t\t<div class=\"elementor-element elementor-element-d252fad elementor-align-left elementor-widget__width-inherit elementor-widget elementor-widget-button\" data-id=\"d252fad\" data-element_type=\"widget\" data-e-type=\"widget\" data-widget_type=\"button.default\">\n\t\t\t\t<div class=\"elementor-widget-container\">\n\t\t\t\t\t\t\t\t\t<div class=\"elementor-button-wrapper\">\n\t\t\t\t\t<a class=\"elementor-button elementor-button-link elementor-size-sm\" href=\"https:\/\/petrapekna.com\/en\/verkaufen\/\">\n\t\t\t\t\t\t<span class=\"elementor-button-content-wrapper\">\n\t\t\t\t\t\t\t\t\t<span class=\"elementor-button-text\">Click here<\/span>\n\t\t\t\t\t<\/span>\n\t\t\t\t\t<\/a>\n\t\t\t\t<\/div>\n\t\t\t\t\t\t\t\t<\/div>\n\t\t\t\t<\/div>\n\t\t\t\t<\/div>\n\t\t<div class=\"elementor-element elementor-element-0d2e213 e-con-full e-flex e-con e-child\" data-id=\"0d2e213\" data-element_type=\"container\" data-e-type=\"container\" data-settings=\"{&quot;background_background&quot;:&quot;classic&quot;}\">\n\t\t\t\t<div class=\"elementor-element elementor-element-5ee0e50 elementor-view-default elementor-position-block-start elementor-mobile-position-block-start elementor-widget elementor-widget-icon-box\" data-id=\"5ee0e50\" data-element_type=\"widget\" data-e-type=\"widget\" data-widget_type=\"icon-box.default\">\n\t\t\t\t<div class=\"elementor-widget-container\">\n\t\t\t\t\t\t\t<div class=\"elementor-icon-box-wrapper\">\n\n\t\t\t\t\t\t<div class=\"elementor-icon-box-icon\">\n\t\t\t\t<span  class=\"elementor-icon\">\n\t\t\t\t<svg xmlns=\"http:\/\/www.w3.org\/2000\/svg\" xmlns:xlink=\"http:\/\/www.w3.org\/1999\/xlink\" id=\"Capa_1\" x=\"0px\" y=\"0px\" viewbox=\"0 0 463.937 463.937\" style=\"enable-background:new 0 0 463.937 463.937;\" xml:space=\"preserve\"><g>\t<g>\t\t<path d=\"M460.414,216.518l-85.6-73.1c0.1-0.5,0.2-1,0.3-1.6v-95.6c-0.1-5.7-4.6-10.3-10.3-10.5h-47.8c-5.5,0-10,4.9-10,10.5v39.6   l-68.5-58.4c-3.7-3.2-9.2-3.2-13,0l-221.9,189c-4.3,3.5-4.8,9.8-1.3,14.1s9.8,4.8,14.1,1.3c0.1-0.1,0.1-0.1,0.2-0.2l215.4-183.4   l77.1,65.7l46.1,39.2l92.3,78.6c4.2,3.6,10.5,3.1,14.1-1.1C465.114,226.418,464.614,220.118,460.414,216.518z M355.014,126.518   l-28-23.6v-47.1h28V126.518z\"><\/path>\t<\/g><\/g><g>\t<g>\t\t<path d=\"M416.314,236.718l-28.1-24l-149.7-127.9c-3.7-3.2-9.2-3.2-13,0l-149.7,127.9l-28.1,24c-4.2,3.6-4.7,9.9-1.1,14.1   c3.5,4.2,9.7,4.7,13.8,1.2l0.1-0.1l12.5-10.8v187.5c0.1,5.6,4.7,10.2,10.3,10.3h297.3c5.6-0.1,10.2-4.6,10.3-10.3v-187.5   l12.5,10.8c1.8,1.5,4,2.4,6.4,2.4c2.9,0,5.7-1.3,7.6-3.5C421.114,246.518,420.514,240.218,416.314,236.718z M272.014,418.818h-80   v-108h80V418.818z M292.014,418.818v-117.7c0-5.5-4.1-10.3-9.6-10.3h-100.8c-5.5,0-9.6,4.8-9.6,10.3v117.7h-79v-194.8l139-118.4   l139,118.4v194.8H292.014z\"><\/path>\t<\/g><\/g><g><\/g><g><\/g><g><\/g><g><\/g><g><\/g><g><\/g><g><\/g><g><\/g><g><\/g><g><\/g><g><\/g><g><\/g><g><\/g><g><\/g><g><\/g><\/svg>\t\t\t\t<\/span>\n\t\t\t<\/div>\n\t\t\t\n\t\t\t\t\t\t<div class=\"elementor-icon-box-content\">\n\n\t\t\t\t\t\t\t\t\t<h3 class=\"elementor-icon-box-title\">\n\t\t\t\t\t\t<span  >\n\t\t\t\t\t\t\tRate\t\t\t\t\t\t<\/span>\n\t\t\t\t\t<\/h3>\n\t\t\t\t\n\t\t\t\t\t\t\t\t\t<p class=\"elementor-icon-box-description\">\n\t\t\t\t\t\tReceive a well-founded, market-driven valuation of your property - precisely tailored to the location, features and special characteristics of the south-east of Mallorca.\n\n\t\t\t\t\t<\/p>\n\t\t\t\t\n\t\t\t<\/div>\n\t\t\t\n\t\t<\/div>\n\t\t\t\t\t\t<\/div>\n\t\t\t\t<\/div>\n\t\t\t\t<div class=\"elementor-element elementor-element-3171d2c elementor-align-left elementor-widget__width-inherit elementor-widget elementor-widget-button\" data-id=\"3171d2c\" data-element_type=\"widget\" data-e-type=\"widget\" data-widget_type=\"button.default\">\n\t\t\t\t<div class=\"elementor-widget-container\">\n\t\t\t\t\t\t\t\t\t<div class=\"elementor-button-wrapper\">\n\t\t\t\t\t<a class=\"elementor-button elementor-button-link elementor-size-sm\" href=\"https:\/\/petrapekna.com\/en\/bewerten\/\">\n\t\t\t\t\t\t<span class=\"elementor-button-content-wrapper\">\n\t\t\t\t\t\t\t\t\t<span class=\"elementor-button-text\">Click here<\/span>\n\t\t\t\t\t<\/span>\n\t\t\t\t\t<\/a>\n\t\t\t\t<\/div>\n\t\t\t\t\t\t\t\t<\/div>\n\t\t\t\t<\/div>\n\t\t\t\t<\/div>\n\t\t<div class=\"elementor-element elementor-element-e0b0dbd e-con-full e-flex e-con e-child\" data-id=\"e0b0dbd\" data-element_type=\"container\" data-e-type=\"container\" data-settings=\"{&quot;background_background&quot;:&quot;classic&quot;}\">\n\t\t\t\t<div class=\"elementor-element elementor-element-152add9 elementor-view-default elementor-position-block-start elementor-mobile-position-block-start elementor-widget elementor-widget-icon-box\" data-id=\"152add9\" data-element_type=\"widget\" data-e-type=\"widget\" data-widget_type=\"icon-box.default\">\n\t\t\t\t<div class=\"elementor-widget-container\">\n\t\t\t\t\t\t\t<div class=\"elementor-icon-box-wrapper\">\n\n\t\t\t\t\t\t<div class=\"elementor-icon-box-icon\">\n\t\t\t\t<span  class=\"elementor-icon\">\n\t\t\t\t<svg xmlns=\"http:\/\/www.w3.org\/2000\/svg\" xmlns:xlink=\"http:\/\/www.w3.org\/1999\/xlink\" id=\"Capa_1\" x=\"0px\" y=\"0px\" viewbox=\"0 0 463.937 463.937\" style=\"enable-background:new 0 0 463.937 463.937;\" xml:space=\"preserve\"><g>\t<g>\t\t<path d=\"M460.414,216.518l-85.6-73.1c0.1-0.5,0.2-1,0.3-1.6v-95.6c-0.1-5.7-4.6-10.3-10.3-10.5h-47.8c-5.5,0-10,4.9-10,10.5v39.6   l-68.5-58.4c-3.7-3.2-9.2-3.2-13,0l-221.9,189c-4.3,3.5-4.8,9.8-1.3,14.1s9.8,4.8,14.1,1.3c0.1-0.1,0.1-0.1,0.2-0.2l215.4-183.4   l77.1,65.7l46.1,39.2l92.3,78.6c4.2,3.6,10.5,3.1,14.1-1.1C465.114,226.418,464.614,220.118,460.414,216.518z M355.014,126.518   l-28-23.6v-47.1h28V126.518z\"><\/path>\t<\/g><\/g><g>\t<g>\t\t<path d=\"M416.314,236.718l-28.1-24l-149.7-127.9c-3.7-3.2-9.2-3.2-13,0l-149.7,127.9l-28.1,24c-4.2,3.6-4.7,9.9-1.1,14.1   c3.5,4.2,9.7,4.7,13.8,1.2l0.1-0.1l12.5-10.8v187.5c0.1,5.6,4.7,10.2,10.3,10.3h297.3c5.6-0.1,10.2-4.6,10.3-10.3v-187.5   l12.5,10.8c1.8,1.5,4,2.4,6.4,2.4c2.9,0,5.7-1.3,7.6-3.5C421.114,246.518,420.514,240.218,416.314,236.718z M272.014,418.818h-80   v-108h80V418.818z M292.014,418.818v-117.7c0-5.5-4.1-10.3-9.6-10.3h-100.8c-5.5,0-9.6,4.8-9.6,10.3v117.7h-79v-194.8l139-118.4   l139,118.4v194.8H292.014z\"><\/path>\t<\/g><\/g><g><\/g><g><\/g><g><\/g><g><\/g><g><\/g><g><\/g><g><\/g><g><\/g><g><\/g><g><\/g><g><\/g><g><\/g><g><\/g><g><\/g><g><\/g><\/svg>\t\t\t\t<\/span>\n\t\t\t<\/div>\n\t\t\t\n\t\t\t\t\t\t<div class=\"elementor-icon-box-content\">\n\n\t\t\t\t\t\t\t\t\t<h3 class=\"elementor-icon-box-title\">\n\t\t\t\t\t\t<span  >\n\t\t\t\t\t\t\tProject management\t\t\t\t\t\t<\/span>\n\t\t\t\t\t<\/h3>\n\t\t\t\t\n\t\t\t\t\t\t\t\t\t<p class=\"elementor-icon-box-description\">\n\t\t\t\t\t\tStructured project management with personalised support <br>for smooth processes <br>and sustainable <br>Project success.\n\t\t\t\t\t<\/p>\n\t\t\t\t\n\t\t\t<\/div>\n\t\t\t\n\t\t<\/div>\n\t\t\t\t\t\t<\/div>\n\t\t\t\t<\/div>\n\t\t\t\t<div class=\"elementor-element elementor-element-b71f608 elementor-align-left elementor-widget__width-inherit elementor-widget elementor-widget-button\" data-id=\"b71f608\" data-element_type=\"widget\" data-e-type=\"widget\" data-widget_type=\"button.default\">\n\t\t\t\t<div class=\"elementor-widget-container\">\n\t\t\t\t\t\t\t\t\t<div class=\"elementor-button-wrapper\">\n\t\t\t\t\t<a class=\"elementor-button elementor-button-link elementor-size-sm\" href=\"https:\/\/petrapekna.com\/en\/projektmanagement\/\">\n\t\t\t\t\t\t<span class=\"elementor-button-content-wrapper\">\n\t\t\t\t\t\t\t\t\t<span class=\"elementor-button-text\">Click here<\/span>\n\t\t\t\t\t<\/span>\n\t\t\t\t\t<\/a>\n\t\t\t\t<\/div>\n\t\t\t\t\t\t\t\t<\/div>\n\t\t\t\t<\/div>\n\t\t\t\t<\/div>\n\t\t<div class=\"elementor-element elementor-element-2f817f1 e-con-full e-flex e-con e-child\" data-id=\"2f817f1\" data-element_type=\"container\" data-e-type=\"container\" data-settings=\"{&quot;background_background&quot;:&quot;classic&quot;}\">\n\t\t\t\t<div class=\"elementor-element elementor-element-83dd804 elementor-view-default elementor-position-block-start elementor-mobile-position-block-start elementor-widget elementor-widget-icon-box\" data-id=\"83dd804\" data-element_type=\"widget\" data-e-type=\"widget\" data-widget_type=\"icon-box.default\">\n\t\t\t\t<div class=\"elementor-widget-container\">\n\t\t\t\t\t\t\t<div class=\"elementor-icon-box-wrapper\">\n\n\t\t\t\t\t\t<div class=\"elementor-icon-box-icon\">\n\t\t\t\t<span  class=\"elementor-icon\">\n\t\t\t\t<svg xmlns=\"http:\/\/www.w3.org\/2000\/svg\" xmlns:xlink=\"http:\/\/www.w3.org\/1999\/xlink\" id=\"Capa_1\" x=\"0px\" y=\"0px\" viewbox=\"0 0 463.937 463.937\" style=\"enable-background:new 0 0 463.937 463.937;\" xml:space=\"preserve\"><g>\t<g>\t\t<path d=\"M460.414,216.518l-85.6-73.1c0.1-0.5,0.2-1,0.3-1.6v-95.6c-0.1-5.7-4.6-10.3-10.3-10.5h-47.8c-5.5,0-10,4.9-10,10.5v39.6   l-68.5-58.4c-3.7-3.2-9.2-3.2-13,0l-221.9,189c-4.3,3.5-4.8,9.8-1.3,14.1s9.8,4.8,14.1,1.3c0.1-0.1,0.1-0.1,0.2-0.2l215.4-183.4   l77.1,65.7l46.1,39.2l92.3,78.6c4.2,3.6,10.5,3.1,14.1-1.1C465.114,226.418,464.614,220.118,460.414,216.518z M355.014,126.518   l-28-23.6v-47.1h28V126.518z\"><\/path>\t<\/g><\/g><g>\t<g>\t\t<path d=\"M416.314,236.718l-28.1-24l-149.7-127.9c-3.7-3.2-9.2-3.2-13,0l-149.7,127.9l-28.1,24c-4.2,3.6-4.7,9.9-1.1,14.1   c3.5,4.2,9.7,4.7,13.8,1.2l0.1-0.1l12.5-10.8v187.5c0.1,5.6,4.7,10.2,10.3,10.3h297.3c5.6-0.1,10.2-4.6,10.3-10.3v-187.5   l12.5,10.8c1.8,1.5,4,2.4,6.4,2.4c2.9,0,5.7-1.3,7.6-3.5C421.114,246.518,420.514,240.218,416.314,236.718z M272.014,418.818h-80   v-108h80V418.818z M292.014,418.818v-117.7c0-5.5-4.1-10.3-9.6-10.3h-100.8c-5.5,0-9.6,4.8-9.6,10.3v117.7h-79v-194.8l139-118.4   l139,118.4v194.8H292.014z\"><\/path>\t<\/g><\/g><g><\/g><g><\/g><g><\/g><g><\/g><g><\/g><g><\/g><g><\/g><g><\/g><g><\/g><g><\/g><g><\/g><g><\/g><g><\/g><g><\/g><g><\/g><\/svg>\t\t\t\t<\/span>\n\t\t\t<\/div>\n\t\t\t\n\t\t\t\t\t\t<div class=\"elementor-icon-box-content\">\n\n\t\t\t\t\t\t\t\t\t<h3 class=\"elementor-icon-box-title\">\n\t\t\t\t\t\t<span  >\n\t\t\t\t\t\t\tBuy\t\t\t\t\t\t<\/span>\n\t\t\t\t\t<\/h3>\n\t\t\t\t\n\t\t\t\t\t\t\t\t\t<p class=\"elementor-icon-box-description\">\n\t\t\t\t\t\tWe are committed to accompanying you on the way to your dream property - from analysing your requirements to viewing and securely completing the purchase.\n\n\t\t\t\t\t<\/p>\n\t\t\t\t\n\t\t\t<\/div>\n\t\t\t\n\t\t<\/div>\n\t\t\t\t\t\t<\/div>\n\t\t\t\t<\/div>\n\t\t\t\t<div class=\"elementor-element elementor-element-7bdb95a elementor-align-left elementor-widget__width-inherit elementor-widget elementor-widget-button\" data-id=\"7bdb95a\" data-element_type=\"widget\" data-e-type=\"widget\" data-widget_type=\"button.default\">\n\t\t\t\t<div class=\"elementor-widget-container\">\n\t\t\t\t\t\t\t\t\t<div class=\"elementor-button-wrapper\">\n\t\t\t\t\t<a class=\"elementor-button elementor-button-link elementor-size-sm\" href=\"https:\/\/petrapekna.com\/en\/kaufen\/\">\n\t\t\t\t\t\t<span class=\"elementor-button-content-wrapper\">\n\t\t\t\t\t\t\t\t\t<span class=\"elementor-button-text\">Click here<\/span>\n\t\t\t\t\t<\/span>\n\t\t\t\t\t<\/a>\n\t\t\t\t<\/div>\n\t\t\t\t\t\t\t\t<\/div>\n\t\t\t\t<\/div>\n\t\t\t\t<\/div>\n\t\t<div class=\"elementor-element elementor-element-de13a8f e-con-full e-flex e-con e-child\" data-id=\"de13a8f\" data-element_type=\"container\" data-e-type=\"container\" data-settings=\"{&quot;background_background&quot;:&quot;classic&quot;}\">\n\t\t\t\t<div class=\"elementor-element elementor-element-7a6f222 elementor-view-default elementor-position-block-start elementor-mobile-position-block-start elementor-widget elementor-widget-icon-box\" data-id=\"7a6f222\" data-element_type=\"widget\" data-e-type=\"widget\" data-widget_type=\"icon-box.default\">\n\t\t\t\t<div class=\"elementor-widget-container\">\n\t\t\t\t\t\t\t<div class=\"elementor-icon-box-wrapper\">\n\n\t\t\t\t\t\t<div class=\"elementor-icon-box-icon\">\n\t\t\t\t<span  class=\"elementor-icon\">\n\t\t\t\t<svg xmlns=\"http:\/\/www.w3.org\/2000\/svg\" xmlns:xlink=\"http:\/\/www.w3.org\/1999\/xlink\" id=\"Capa_1\" x=\"0px\" y=\"0px\" viewbox=\"0 0 463.937 463.937\" style=\"enable-background:new 0 0 463.937 463.937;\" xml:space=\"preserve\"><g>\t<g>\t\t<path d=\"M460.414,216.518l-85.6-73.1c0.1-0.5,0.2-1,0.3-1.6v-95.6c-0.1-5.7-4.6-10.3-10.3-10.5h-47.8c-5.5,0-10,4.9-10,10.5v39.6   l-68.5-58.4c-3.7-3.2-9.2-3.2-13,0l-221.9,189c-4.3,3.5-4.8,9.8-1.3,14.1s9.8,4.8,14.1,1.3c0.1-0.1,0.1-0.1,0.2-0.2l215.4-183.4   l77.1,65.7l46.1,39.2l92.3,78.6c4.2,3.6,10.5,3.1,14.1-1.1C465.114,226.418,464.614,220.118,460.414,216.518z M355.014,126.518   l-28-23.6v-47.1h28V126.518z\"><\/path>\t<\/g><\/g><g>\t<g>\t\t<path d=\"M416.314,236.718l-28.1-24l-149.7-127.9c-3.7-3.2-9.2-3.2-13,0l-149.7,127.9l-28.1,24c-4.2,3.6-4.7,9.9-1.1,14.1   c3.5,4.2,9.7,4.7,13.8,1.2l0.1-0.1l12.5-10.8v187.5c0.1,5.6,4.7,10.2,10.3,10.3h297.3c5.6-0.1,10.2-4.6,10.3-10.3v-187.5   l12.5,10.8c1.8,1.5,4,2.4,6.4,2.4c2.9,0,5.7-1.3,7.6-3.5C421.114,246.518,420.514,240.218,416.314,236.718z M272.014,418.818h-80   v-108h80V418.818z M292.014,418.818v-117.7c0-5.5-4.1-10.3-9.6-10.3h-100.8c-5.5,0-9.6,4.8-9.6,10.3v117.7h-79v-194.8l139-118.4   l139,118.4v194.8H292.014z\"><\/path>\t<\/g><\/g><g><\/g><g><\/g><g><\/g><g><\/g><g><\/g><g><\/g><g><\/g><g><\/g><g><\/g><g><\/g><g><\/g><g><\/g><g><\/g><g><\/g><g><\/g><\/svg>\t\t\t\t<\/span>\n\t\t\t<\/div>\n\t\t\t\n\t\t\t\t\t\t<div class=\"elementor-icon-box-content\">\n\n\t\t\t\t\t\t\t\t\t<h3 class=\"elementor-icon-box-title\">\n\t\t\t\t\t\t<span  >\n\t\t\t\t\t\t\tLetting\t\t\t\t\t\t<\/span>\n\t\t\t\t\t<\/h3>\n\t\t\t\t\n\t\t\t\t\t\t\t\t\t<p class=\"elementor-icon-box-description\">\n\t\t\t\t\t\tPersonal, discreet and reliable support for the successful letting of your property - so that you can find the right tenant and let with peace of mind.\n\n\t\t\t\t\t<\/p>\n\t\t\t\t\n\t\t\t<\/div>\n\t\t\t\n\t\t<\/div>\n\t\t\t\t\t\t<\/div>\n\t\t\t\t<\/div>\n\t\t\t\t<div class=\"elementor-element elementor-element-2c59d91 elementor-align-left elementor-widget__width-inherit elementor-widget elementor-widget-button\" data-id=\"2c59d91\" data-element_type=\"widget\" data-e-type=\"widget\" data-widget_type=\"button.default\">\n\t\t\t\t<div class=\"elementor-widget-container\">\n\t\t\t\t\t\t\t\t\t<div class=\"elementor-button-wrapper\">\n\t\t\t\t\t<a class=\"elementor-button elementor-button-link elementor-size-sm\" href=\"https:\/\/petrapekna.com\/en\/vermieten\/\">\n\t\t\t\t\t\t<span class=\"elementor-button-content-wrapper\">\n\t\t\t\t\t\t\t\t\t<span class=\"elementor-button-text\">Click here<\/span>\n\t\t\t\t\t<\/span>\n\t\t\t\t\t<\/a>\n\t\t\t\t<\/div>\n\t\t\t\t\t\t\t\t<\/div>\n\t\t\t\t<\/div>\n\t\t\t\t<\/div>\n\t\t\t\t<\/div>\n\t\t\t\t\t<\/div>\n\t\t\t\t<\/div>\n\t\t<div class=\"elementor-element elementor-element-f7fdf58 e-flex e-con-boxed e-con e-parent\" data-id=\"f7fdf58\" data-element_type=\"container\" data-e-type=\"container\" data-settings=\"{&quot;background_background&quot;:&quot;classic&quot;}\">\n\t\t\t\t\t<div class=\"e-con-inner\">\n\t\t<div class=\"elementor-element elementor-element-76f4953 e-con-full e-flex e-con e-child\" data-id=\"76f4953\" data-element_type=\"container\" data-e-type=\"container\">\n\t\t\t\t<div class=\"elementor-element elementor-element-2bc4c55 elementor-widget elementor-widget-heading\" data-id=\"2bc4c55\" data-element_type=\"widget\" data-e-type=\"widget\" data-widget_type=\"heading.default\">\n\t\t\t\t<div class=\"elementor-widget-container\">\n\t\t\t\t\t<h2 class=\"elementor-heading-title elementor-size-default\">TOGETHER TO <br>SUCCESS ON MALLORCA\n<\/h2>\t\t\t\t<\/div>\n\t\t\t\t<\/div>\n\t\t\t\t<div class=\"elementor-element elementor-element-2933fee elementor-widget elementor-widget-text-editor\" data-id=\"2933fee\" data-element_type=\"widget\" data-e-type=\"widget\" data-widget_type=\"text-editor.default\">\n\t\t\t\t<div class=\"elementor-widget-container\">\n\t\t\t\t\t\t\t\t\t<p data-start=\"219\" data-end=\"535\">Individuality is our strength - your wishes take centre stage. Cooperation is our key: with passion, market knowledge and the utmost discretion, we set new standards together. We offer you personal, competent and reliable advice for your property dreams in the south-east of Mallorca.<\/p>\t\t\t\t\t\t\t\t<\/div>\n\t\t\t\t<\/div>\n\t\t\t\t<\/div>\n\t\t<div class=\"elementor-element elementor-element-b6b7536 e-con-full e-flex e-con e-child\" data-id=\"b6b7536\" data-element_type=\"container\" data-e-type=\"container\">\n\t\t\t\t<div class=\"elementor-element elementor-element-ae68ba6 elementor-align-right elementor-mobile-align-center elementor-widget elementor-widget-button\" data-id=\"ae68ba6\" data-element_type=\"widget\" data-e-type=\"widget\" data-widget_type=\"button.default\">\n\t\t\t\t<div class=\"elementor-widget-container\">\n\t\t\t\t\t\t\t\t\t<div class=\"elementor-button-wrapper\">\n\t\t\t\t\t<a class=\"elementor-button elementor-button-link elementor-size-sm\" href=\"https:\/\/petrapekna.com\/en\/kontakt\/\">\n\t\t\t\t\t\t<span class=\"elementor-button-content-wrapper\">\n\t\t\t\t\t\t\t\t\t<span class=\"elementor-button-text\">Contact us now<\/span>\n\t\t\t\t\t<\/span>\n\t\t\t\t\t<\/a>\n\t\t\t\t<\/div>\n\t\t\t\t\t\t\t\t<\/div>\n\t\t\t\t<\/div>\n\t\t\t\t<\/div>\n\t\t\t\t\t<\/div>\n\t\t\t\t<\/div>\n\t\t\t\t<\/div>","protected":false},"excerpt":{"rendered":"<p>Leistungen Unsere Leistungen Ob Verkauf, Kauf, Vermietung oder Bewertung \u2013 wir bieten Ihnen einen ma\u00dfgeschneiderten Service, der Ihre Immobilientr\u00e4ume im S\u00fcdosten Mallorcas Wirklichkeit werden l\u00e4sst. Mit \u00fcber 15 Jahren Erfahrung, exzellenter Marktkenntnis und h\u00f6chster Diskretion begleiten wir Sie in jeder Phase Ihres Immobilienvorhabens. Verkaufen Wir unterst\u00fctzen Sie dabei, Ihre Immobilie im S\u00fcdosten Mallorcas erfolgreich und [&hellip;]<\/p>\n","protected":false},"author":1,"featured_media":0,"parent":0,"menu_order":0,"comment_status":"closed","ping_status":"closed","template":"","meta":{"_acf_changed":false,"footnotes":""},"class_list":["post-91","page","type-page","status-publish","hentry"],"acf":[],"_links":{"self":[{"href":"https:\/\/petrapekna.com\/en\/wp-json\/wp\/v2\/pages\/91","targetHints":{"allow":["GET"]}}],"collection":[{"href":"https:\/\/petrapekna.com\/en\/wp-json\/wp\/v2\/pages"}],"about":[{"href":"https:\/\/petrapekna.com\/en\/wp-json\/wp\/v2\/types\/page"}],"author":[{"embeddable":true,"href":"https:\/\/petrapekna.com\/en\/wp-json\/wp\/v2\/users\/1"}],"replies":[{"embeddable":true,"href":"https:\/\/petrapekna.com\/en\/wp-json\/wp\/v2\/comments?post=91"}],"version-history":[{"count":55,"href":"https:\/\/petrapekna.com\/en\/wp-json\/wp\/v2\/pages\/91\/revisions"}],"predecessor-version":[{"id":3729,"href":"https:\/\/petrapekna.com\/en\/wp-json\/wp\/v2\/pages\/91\/revisions\/3729"}],"wp:attachment":[{"href":"https:\/\/petrapekna.com\/en\/wp-json\/wp\/v2\/media?parent=91"}],"curies":[{"name":"wp","href":"https:\/\/api.w.org\/{rel}","templated":true}]}}